{"id":1677,"date":"2015-06-24T10:27:29","date_gmt":"2015-06-24T08:27:29","guid":{"rendered":"https:\/\/ccri.iut-orsay.fr\/informations\/?page_id=1677"},"modified":"2025-10-05T12:17:01","modified_gmt":"2025-10-05T10:17:01","slug":"gestion-des-comptes-informatiques-personnels-de-liut-dorsay","status":"publish","type":"page","link":"https:\/\/ccri.iut-orsay.fr\/informations\/gestion-des-comptes-informatiques\/gestion-des-comptes-informatiques-personnels-de-liut-dorsay\/","title":{"rendered":"Gestion des comptes personnels de l&rsquo;IUT d&rsquo;Orsay"},"content":{"rendered":"\n<p class=\"wp-block-paragraph\"><strong><b>Version :<\/b><\/strong> 2025-10-06<\/p>\n\n\n\n<h5 class=\"wp-block-heading\"><span style=\"text-decoration: underline;\"><b>Rappel<\/b><\/span><\/h5>\n\n\n\n<p class=\"wp-block-paragraph\">Toute personne qui acc\u00e8de aux ressources informatiques de l&rsquo;IUT d&rsquo;Orsay doit avoir pr\u00e9alablement accept\u00e9 et valid\u00e9 la charte informatique de l&rsquo;Universit\u00e9 Paris Saclay.<\/p>\n\n\n\n<h5 class=\"wp-block-heading\"><span style=\"text-decoration: underline;\"><b>Proc\u00e9dure pour l&rsquo;obtention d&rsquo;un compte Informatique de l&rsquo;Universit\u00e9 Paris Saclay<\/b><\/span><\/h5>\n\n\n\n<p class=\"wp-block-paragraph\">Depuis le mois d&rsquo;avril 2019, c&rsquo;est le logiciel SIHAM (logiciel des ressources humaines) qui pilote la cr\u00e9ation et la suppression des comptes dans le syst\u00e8me d&rsquo;information de l&rsquo;Universit\u00e9 Paris Saclay. <br> Pour obtenir un compte informatique, il faut donc \u00eatre enregistr\u00e9 administrativement dans le logiciel SIHAM au niveau du service du personnel de l&rsquo;IUT. <br> Une fois cette op\u00e9ration r\u00e9alis\u00e9e, la personne recevra un un lien pour activer son compte informatique sur l&rsquo;adresse e-mail personnelle fournie. <br> Le CCRI proc\u00e9dera ensuite au rattachement du compte informatique dans l&rsquo;annuaire Adonis (rattachement au d\u00e9partement \/ service concern\u00e9).<\/p>\n\n\n\n<h5 class=\"wp-block-heading\"><span style=\"text-decoration: underline;\"><b>Proc\u00e9dure pour l&rsquo;activation du compte Informatique \u00e0 l&rsquo;IUT d&rsquo;Orsay<\/b><\/span><\/h5>\n\n\n\n<p class=\"wp-block-paragraph\"> Pour finaliser la cr\u00e9ation du compte informatique \u00e0 l&rsquo;IUT d&rsquo;Orsay, il faut activer ce dernier en allant sur le site : <a rel=\"noopener noreferrer\" href=\"https:\/\/comptes.iut-orsay.fr\" target=\"_blank\"><b>https:\/\/comptes.iut-orsay.fr<\/b><\/a><br> Une fois cette \u00e9tape r\u00e9alis\u00e9e, vous pourrez vous connecter aux diff\u00e9rents PC. <\/p>\n\n\n\n<h5 class=\"wp-block-heading\"><span style=\"text-decoration: underline;\"><b>Document \u00e0 t\u00e9l\u00e9charger :<\/b><\/span><\/h5>\n\n\n\n<p class=\"wp-block-paragraph\"><a href=\"https:\/\/www.di.universite-paris-saclay.fr\/telechargement\/charte\/Charte_informatique_Paris-Saclay.pdf\"><strong><b>La charte Informatique de l&rsquo;Univ<\/b><\/strong><\/a><a href=\"https:\/\/ccri.iut-orsay.fr\/informations\/wp-content\/uploads\/2025\/10\/Charte-informatique-UPSaclay.pdf\" target=\"_blank\" rel=\"noreferrer noopener\"><strong><b>ersit\u00e9 <\/b>Paris Sacla<\/strong><\/a><a href=\"https:\/\/www.di.universite-paris-saclay.fr\/telechargement\/charte\/Charte_informatique_Paris-Saclay.pdf\"><strong>y<\/strong><\/a><\/p>\n\n\n\n<p class=\"wp-block-paragraph\"><\/p>\n","protected":false},"excerpt":{"rendered":"<p>Version : 2025-10-06 Rappel Toute personne qui acc\u00e8de aux ressources informatiques de l&rsquo;IUT d&rsquo;Orsay doit avoir pr\u00e9alablement accept\u00e9 et valid\u00e9 la charte informatique de l&rsquo;Universit\u00e9 Paris Saclay. Proc\u00e9dure pour l&rsquo;obtention d&rsquo;un compte Informatique de l&rsquo;Universit\u00e9 Paris Saclay Depuis le mois d&rsquo;avril 2019, c&rsquo;est le logiciel SIHAM (logiciel des ressources humaines) qui pilote la cr\u00e9ation et &#8230; <a title=\"Gestion des comptes personnels de l&rsquo;IUT d&rsquo;Orsay\" class=\"read-more\" href=\"https:\/\/ccri.iut-orsay.fr\/informations\/gestion-des-comptes-informatiques\/gestion-des-comptes-informatiques-personnels-de-liut-dorsay\/\" aria-label=\"En savoir plus sur Gestion des comptes personnels de l&rsquo;IUT d&rsquo;Orsay\">Lire la suite<\/a><\/p>\n","protected":false},"author":1,"featured_media":0,"parent":4056,"menu_order":0,"comment_status":"closed","ping_status":"closed","template":"","meta":{"_crdt_document":"","footnotes":""},"class_list":["post-1677","page","type-page","status-publish"],"_links":{"self":[{"href":"https:\/\/ccri.iut-orsay.fr\/informations\/wp-json\/wp\/v2\/pages\/1677","targetHints":{"allow":["GET"]}}],"collection":[{"href":"https:\/\/ccri.iut-orsay.fr\/informations\/wp-json\/wp\/v2\/pages"}],"about":[{"href":"https:\/\/ccri.iut-orsay.fr\/informations\/wp-json\/wp\/v2\/types\/page"}],"author":[{"embeddable":true,"href":"https:\/\/ccri.iut-orsay.fr\/informations\/wp-json\/wp\/v2\/users\/1"}],"replies":[{"embeddable":true,"href":"https:\/\/ccri.iut-orsay.fr\/informations\/wp-json\/wp\/v2\/comments?post=1677"}],"version-history":[{"count":27,"href":"https:\/\/ccri.iut-orsay.fr\/informations\/wp-json\/wp\/v2\/pages\/1677\/revisions"}],"predecessor-version":[{"id":5521,"href":"https:\/\/ccri.iut-orsay.fr\/informations\/wp-json\/wp\/v2\/pages\/1677\/revisions\/5521"}],"up":[{"embeddable":true,"href":"https:\/\/ccri.iut-orsay.fr\/informations\/wp-json\/wp\/v2\/pages\/4056"}],"wp:attachment":[{"href":"https:\/\/ccri.iut-orsay.fr\/informations\/wp-json\/wp\/v2\/media?parent=1677"}],"curies":[{"name":"wp","href":"https:\/\/api.w.org\/{rel}","templated":true}]}}